{"id":104,"date":"2021-03-24T16:05:37","date_gmt":"2021-03-24T16:05:37","guid":{"rendered":"http:\/\/nowa.sp2-poreba.edu.pl\/?page_id=104"},"modified":"2026-03-30T15:28:43","modified_gmt":"2026-03-30T15:28:43","slug":"dokumenty","status":"publish","type":"page","link":"https:\/\/sp2-poreba.edu.pl\/index.php\/nasza-szkola\/o-szkole\/dokumenty\/","title":{"rendered":"Dokumenty"},"content":{"rendered":"\n<p>STATUT SZKO\u0141Y PODSTAWOWEJ NR 2 IM JANA PAW\u0141A II W POR\u0118BIE<\/p>\n\n\n\n<div data-wp-interactive=\"core\/file\" class=\"wp-block-file\"><object data-wp-bind--hidden=\"!state.hasPdfPreview\" hidden class=\"wp-block-file__embed\" data=\"https:\/\/sp2-poreba.edu.pl\/wp-content\/uploads\/2026\/03\/Statut-Szkoly-Podstawowej-nr-2-im.-Jana-Pawla-II-w-Porebie-2026r.pdf\" type=\"application\/pdf\" style=\"width:100%;height:600px\" aria-label=\"Osadzone z Statut Szko\u0142y Podstawowej nr 2 im. Jana Paw\u0142a II w Por\u0119bie 2026r.\"><\/object><a id=\"wp-block-file--media-66be6027-32a0-4703-9fb3-847d6a745a41\" href=\"https:\/\/sp2-poreba.edu.pl\/wp-content\/uploads\/2026\/03\/Statut-Szkoly-Podstawowej-nr-2-im.-Jana-Pawla-II-w-Porebie-2026r.pdf\">Statut Szko\u0142y Podstawowej nr 2 im. Jana Paw\u0142a II w Por\u0119bie 2026r<\/a><a href=\"https:\/\/sp2-poreba.edu.pl\/wp-content\/uploads\/2026\/03\/Statut-Szkoly-Podstawowej-nr-2-im.-Jana-Pawla-II-w-Porebie-2026r.pdf\" class=\"wp-block-file__button wp-element-button\" download aria-describedby=\"wp-block-file--media-66be6027-32a0-4703-9fb3-847d6a745a41\">Pobierz<\/a><\/div>\n\n\n<div class=\"wp-block-file\"><a href=\"https:\/\/sp2-poreba.edu.pl\/wp-content\/uploads\/2021\/08\/procedura-bezpieczenstwa-na-czas-pandemii-SP2-Poreba.docx\">Procedura bezpiecze\u0144stwa na czas pandemii Covid 19-SP2-Poreba<\/a><a href=\"https:\/\/sp2-poreba.edu.pl\/wp-content\/uploads\/2021\/08\/procedura-bezpieczenstwa-na-czas-pandemii-SP2-Poreba.docx\" class=\"wp-block-file__button\" download=\"\">Pobierz<\/a><\/div>\n\n\n<div class=\"wp-block-file\"><a href=\"https:\/\/sp2-poreba.edu.pl\/wp-content\/uploads\/2021\/08\/Karta-przyjecia-na-swietlice-2020.doc\">Karta przyj\u0119cia na \u015bwietlic\u0119 2021-2022<\/a><a href=\"https:\/\/sp2-poreba.edu.pl\/wp-content\/uploads\/2021\/08\/Karta-przyjecia-na-swietlice-2020.doc\" class=\"wp-block-file__button\" download=\"\">Pobierz<\/a><\/div>\n\n\n\n<div class=\"wp-block-file\"><a href=\"https:\/\/sp2-poreba.edu.pl\/wp-content\/uploads\/2021\/03\/PROCEDURY_BEZPIECZENSTWA_2019.pdf\">Procedury bezpiecze\u0144stwa &#8211; 2019<\/a><a href=\"https:\/\/sp2-poreba.edu.pl\/wp-content\/uploads\/2021\/03\/PROCEDURY_BEZPIECZENSTWA_2019.pdf\" class=\"wp-block-file__button\" download=\"\">Pobierz<\/a><\/div>\n\n\n\n<div class=\"wp-block-file\"><a href=\"https:\/\/sp2-poreba.edu.pl\/wp-content\/uploads\/2021\/10\/SPWP-Poreba-2021-22.pdf\">SPWP-Poreba-2021-22<\/a><a href=\"https:\/\/sp2-poreba.edu.pl\/wp-content\/uploads\/2021\/10\/SPWP-Poreba-2021-22.pdf\" class=\"wp-block-file__button\" download=\"\">Pobierz<\/a><\/div>\n\n\n\n<div data-wp-interactive=\"core\/file\" class=\"wp-block-file\"><object data-wp-bind--hidden=\"!state.hasPdfPreview\" hidden class=\"wp-block-file__embed\" data=\"https:\/\/sp2-poreba.edu.pl\/wp-content\/uploads\/2024\/05\/arkusz-zaliczen.pdf\" type=\"application\/pdf\" style=\"width:100%;height:600px\" aria-label=\"Osadzone z arkusz-zaliczen.\"><\/object><a id=\"wp-block-file--media-6396cbbc-7184-4bf4-937e-1c72ad789da1\" href=\"https:\/\/sp2-poreba.edu.pl\/wp-content\/uploads\/2024\/05\/arkusz-zaliczen.pdf\">arkusz-zaliczen<\/a><a href=\"https:\/\/sp2-poreba.edu.pl\/wp-content\/uploads\/2024\/05\/arkusz-zaliczen.pdf\" class=\"wp-block-file__button wp-element-button\" download aria-describedby=\"wp-block-file--media-6396cbbc-7184-4bf4-937e-1c72ad789da1\">Pobierz<\/a><\/div>\n\n\n\n<div class=\"wp-block-media-text alignwide is-stacked-on-mobile\"><figure class=\"wp-block-media-text__media\"><\/figure><div class=\"wp-block-media-text__content\">\n<p class=\"has-large-font-size\"><\/p>\n<\/div><\/div>\n","protected":false},"excerpt":{"rendered":"<p>STATUT SZKO\u0141Y PODSTAWOWEJ NR 2 IM JANA PAW\u0141A II W POR\u0118BIE Procedura bezpiecze\u0144stwa na czas pandemii Covid 19-SP2-PorebaPobierz Karta przyj\u0119cia na \u015bwietlic\u0119 2021-2022Pobierz Procedury bezpiecze\u0144stwa &#8211; 2019Pobierz SPWP-Poreba-2021-22Pobierz<\/p>\n","protected":false},"author":1,"featured_media":0,"parent":253,"menu_order":122,"comment_status":"closed","ping_status":"closed","template":"","meta":{"footnotes":""},"class_list":["post-104","page","type-page","status-publish","hentry"],"_links":{"self":[{"href":"https:\/\/sp2-poreba.edu.pl\/index.php\/wp-json\/wp\/v2\/pages\/104","targetHints":{"allow":["GET"]}}],"collection":[{"href":"https:\/\/sp2-poreba.edu.pl\/index.php\/wp-json\/wp\/v2\/pages"}],"about":[{"href":"https:\/\/sp2-poreba.edu.pl\/index.php\/wp-json\/wp\/v2\/types\/page"}],"author":[{"embeddable":true,"href":"https:\/\/sp2-poreba.edu.pl\/index.php\/wp-json\/wp\/v2\/users\/1"}],"replies":[{"embeddable":true,"href":"https:\/\/sp2-poreba.edu.pl\/index.php\/wp-json\/wp\/v2\/comments?post=104"}],"version-history":[{"count":4,"href":"https:\/\/sp2-poreba.edu.pl\/index.php\/wp-json\/wp\/v2\/pages\/104\/revisions"}],"predecessor-version":[{"id":8069,"href":"https:\/\/sp2-poreba.edu.pl\/index.php\/wp-json\/wp\/v2\/pages\/104\/revisions\/8069"}],"up":[{"embeddable":true,"href":"https:\/\/sp2-poreba.edu.pl\/index.php\/wp-json\/wp\/v2\/pages\/253"}],"wp:attachment":[{"href":"https:\/\/sp2-poreba.edu.pl\/index.php\/wp-json\/wp\/v2\/media?parent=104"}],"curies":[{"name":"wp","href":"https:\/\/api.w.org\/{rel}","templated":true}]}}