{"id":270,"date":"2021-03-25T09:06:37","date_gmt":"2021-03-25T09:06:37","guid":{"rendered":"http:\/\/nowa.sp2-poreba.edu.pl\/?page_id=270"},"modified":"2021-10-04T17:58:47","modified_gmt":"2021-10-04T17:58:47","slug":"aktualnosci","status":"publish","type":"page","link":"https:\/\/sp2-poreba.edu.pl\/index.php\/wydarzenia\/aktualnosci\/","title":{"rendered":"AKTUALNO\u015aCI"},"content":{"rendered":"\n<p>Ostatnie aktualno\u015bci z &#8220;\u017cycia szko\u0142y&#8221;<\/p>\n\n\n<ul class=\"display-posts-listing\"><li class=\"listing-item\"><a class=\"title\" href=\"https:\/\/sp2-poreba.edu.pl\/index.php\/2024\/12\/20\/jest-taki-dzienbardzo-cieply-choc-grudniowy\/\">&#8220;Jest taki dzie\u0144<br>Bardzo ciep\u0142y, cho\u0107 grudniowy\u2026&#8221;<\/a><\/li><li class=\"listing-item\"><a class=\"title\" href=\"https:\/\/sp2-poreba.edu.pl\/index.php\/2024\/10\/20\/xxiii-bieg-papieski-galeria\/\">&#8220;XXIII Bieg Papieski&#8221;-Galeria<\/a><\/li><li class=\"listing-item\"><a class=\"title\" href=\"https:\/\/sp2-poreba.edu.pl\/index.php\/2024\/10\/15\/podroze-z-klasa-2\/\">&#8220;Podr\u00f3\u017ce z klas\u0105&#8221;<\/a><\/li><li class=\"listing-item\"><a class=\"title\" href=\"https:\/\/sp2-poreba.edu.pl\/index.php\/2024\/09\/11\/podroze-z-klasa\/\">&#8221; Podr\u00f3\u017ce z klas\u0105&#8221;<\/a><\/li><li class=\"listing-item\"><a class=\"title\" href=\"https:\/\/sp2-poreba.edu.pl\/index.php\/2024\/03\/27\/wielkanocne-przedstawienie\/\">Wielkanocne przedstawienie<\/a><\/li><li class=\"listing-item\"><a class=\"title\" href=\"https:\/\/sp2-poreba.edu.pl\/index.php\/2024\/03\/08\/iv-edycja-zlote-szkoly-nbp\/\">IV Edycja Z\u0142ote Szko\u0142y NBP<\/a><\/li><li class=\"listing-item\"><a class=\"title\" href=\"https:\/\/sp2-poreba.edu.pl\/index.php\/2024\/02\/06\/dzien-bezpiecznego-internetu-2024\/\">Dzie\u0144 Bezpiecznego Internetu 2024<\/a><\/li><li class=\"listing-item\"><a class=\"title\" href=\"https:\/\/sp2-poreba.edu.pl\/index.php\/2024\/01\/30\/warsztaty-madra-glowka-3\/\">Warsztaty M\u0105dra G\u0142\u00f3wka<\/a><\/li><li class=\"listing-item\"><a class=\"title\" href=\"https:\/\/sp2-poreba.edu.pl\/index.php\/2024\/01\/30\/warsztaty-madra-glowka-2\/\">Warsztaty M\u0105dra G\u0142\u00f3wka<\/a><\/li><li class=\"listing-item\"><a class=\"title\" href=\"https:\/\/sp2-poreba.edu.pl\/index.php\/2024\/01\/30\/4427\/\">\u015awi\u0105teczne Karaoke z SP2<\/a><\/li><\/ul>\n","protected":false},"excerpt":{"rendered":"<p>Ostatnie aktualno\u015bci z &#8220;\u017cycia szko\u0142y&#8221;<\/p>\n","protected":false},"author":1,"featured_media":0,"parent":267,"menu_order":116,"comment_status":"closed","ping_status":"closed","template":"","meta":{"footnotes":""},"class_list":["post-270","page","type-page","status-publish","hentry"],"_links":{"self":[{"href":"https:\/\/sp2-poreba.edu.pl\/index.php\/wp-json\/wp\/v2\/pages\/270","targetHints":{"allow":["GET"]}}],"collection":[{"href":"https:\/\/sp2-poreba.edu.pl\/index.php\/wp-json\/wp\/v2\/pages"}],"about":[{"href":"https:\/\/sp2-poreba.edu.pl\/index.php\/wp-json\/wp\/v2\/types\/page"}],"author":[{"embeddable":true,"href":"https:\/\/sp2-poreba.edu.pl\/index.php\/wp-json\/wp\/v2\/users\/1"}],"replies":[{"embeddable":true,"href":"https:\/\/sp2-poreba.edu.pl\/index.php\/wp-json\/wp\/v2\/comments?post=270"}],"version-history":[{"count":0,"href":"https:\/\/sp2-poreba.edu.pl\/index.php\/wp-json\/wp\/v2\/pages\/270\/revisions"}],"up":[{"embeddable":true,"href":"https:\/\/sp2-poreba.edu.pl\/index.php\/wp-json\/wp\/v2\/pages\/267"}],"wp:attachment":[{"href":"https:\/\/sp2-poreba.edu.pl\/index.php\/wp-json\/wp\/v2\/media?parent=270"}],"curies":[{"name":"wp","href":"https:\/\/api.w.org\/{rel}","templated":true}]}}