{"id":4844,"date":"2024-11-25T09:35:55","date_gmt":"2024-11-25T09:35:55","guid":{"rendered":"https:\/\/sp2-poreba.edu.pl\/?page_id=4844"},"modified":"2025-02-07T20:07:30","modified_gmt":"2025-02-07T20:07:30","slug":"projekt-nauka-dla-przedszkolaka-rozwoj-oferty-edukacyjnej-przedszkolnej-w-gminie-poreba","status":"publish","type":"page","link":"https:\/\/sp2-poreba.edu.pl\/index.php\/projekt-nauka-dla-przedszkolaka-rozwoj-oferty-edukacyjnej-przedszkolnej-w-gminie-poreba\/","title":{"rendered":"PROJEKT &#8211; \u201eNauka dla przedszkolaka&#8221;"},"content":{"rendered":"\n<div class=\"wp-block-image\"><figure class=\"aligncenter size-large is-resized\"><img loading=\"lazy\" decoding=\"async\" src=\"https:\/\/sp2-poreba.edu.pl\/wp-content\/uploads\/2024\/11\/\u201eNauka-dla-przedszkolaka-rozwoj-oferty-edukacyjnej-przedszkolnej-w-Gminie-Poreba-1-640x360.jpg\" alt=\"\" class=\"wp-image-4851\" width=\"987\" height=\"555\" srcset=\"https:\/\/sp2-poreba.edu.pl\/wp-content\/uploads\/2024\/11\/\u201eNauka-dla-przedszkolaka-rozwoj-oferty-edukacyjnej-przedszkolnej-w-Gminie-Poreba-1-640x360.jpg 640w, https:\/\/sp2-poreba.edu.pl\/wp-content\/uploads\/2024\/11\/\u201eNauka-dla-przedszkolaka-rozwoj-oferty-edukacyjnej-przedszkolnej-w-Gminie-Poreba-1-300x169.jpg 300w, https:\/\/sp2-poreba.edu.pl\/wp-content\/uploads\/2024\/11\/\u201eNauka-dla-przedszkolaka-rozwoj-oferty-edukacyjnej-przedszkolnej-w-Gminie-Poreba-1-768x432.jpg 768w, https:\/\/sp2-poreba.edu.pl\/wp-content\/uploads\/2024\/11\/\u201eNauka-dla-przedszkolaka-rozwoj-oferty-edukacyjnej-przedszkolnej-w-Gminie-Poreba-1-1536x864.jpg 1536w, https:\/\/sp2-poreba.edu.pl\/wp-content\/uploads\/2024\/11\/\u201eNauka-dla-przedszkolaka-rozwoj-oferty-edukacyjnej-przedszkolnej-w-Gminie-Poreba-1-2048x1152.jpg 2048w\" sizes=\"auto, (max-width: 987px) 100vw, 987px\" \/><\/figure><\/div>\n\n\n\n<p>Szanowni Pa\u0144stwo,<\/p>\n\n\n\n<p>Oddzia\u0142y Przedszkolne w Szkole Podstawowej nr 2 im. Jana Paw\u0142a II w Por\u0119bie og\u0142asza nab\u00f3r dzieci do bezp\u0142atnego udzia\u0142u w projekcie \u201e<strong>Nauka dla przedszkolaka- rozw\u00f3j oferty edukacyjnej przedszkolnej w Gminie Por\u0119ba\u201d<\/strong> dofinansowanego w ramach Funduszy Europejskich dla \u015al\u0105skiego 2021- 2027.<\/p>\n\n\n\n<p>Celem g\u0142\u00f3wnym projektu jest poprawa jako\u015bci edukacji przedszkolnej i wsparcie dzieci ze specjalnymi potrzebami edukacyjnymi. Drugim elementem projektu jest zakup doposa\u017cenia w postaci pomocy dydaktycznych oraz sprz\u0119tu ICT. Pozwoli to na lepsze wsparcie procesu edukacyjnego dzieci i da im szans\u0119 na korzystanie z nowoczesnych technologii na zaj\u0119ciach. Ostatnim elementem projektu jest zaplanowanie szkole\u0144, kurs\u00f3w i studi\u00f3w podyplomowych dla kadry pedagogicznej plac\u00f3wki. Efektem b\u0119dzie zwi\u0119kszenie kwalifikacji kadry, co prze\u0142o\u017cy si\u0119 na popraw\u0119 jako\u015bci oferty edukacyjnej plac\u00f3wki i umo\u017cliwi zaoferowanie wy\u017cszej jako\u015bci zaj\u0119\u0107 dla wychowank\u00f3w. Rezultatem projektu b\u0119dzie poprawa szans edukacyjnych dzieci obj\u0119tych projektem, ich rozw\u00f3j psychoedukacyjny oraz eliminacja trudno\u015bci i deficyt\u00f3w.<\/p>\n\n\n\n<p>W ramach projektu przedszkolaki b\u0119d\u0105 mog\u0142y wzi\u0105\u0107 udzia\u0142 w nast\u0119puj\u0105cych zaj\u0119ciach:<\/p>\n\n\n\n<ol class=\"wp-block-list\"><li>Arteterapia,<\/li><li>Trening Umiej\u0119tno\u015bci Spo\u0142ecznych &nbsp;z elementami preorientacji zawodowej<\/li><li>Zaj\u0119cia plastyczne<\/li><li>Bajkoterapia<\/li><li>Rytmika z motoryk\u0105<\/li><\/ol>\n\n\n\n<p>Zapisy na zaj\u0119cia rozpoczn\u0105 si\u0119 od 09 grudnia 2024 i potrwaj\u0105 do 23 grudnia 2024. Zapisu dziecka na wybrane zaj\u0119cia mo\u017cna dokona\u0107 elektronicznie na adres podstawowa_2@op.pl lub u Koordynatora projektu (pedagoga szkolnego &#8211; Pani Justyny Kalamat) w Szkole w sali 24:<\/p>\n\n\n\n<p>&#8211; w poniedzia\u0142ki 8.45-10.45, 13.00- 14.00<\/p>\n\n\n\n<p>&#8211; we wtorki 8.45- 14.00<\/p>\n\n\n\n<p>&#8211; w \u015brody 9.00- 12.30<\/p>\n\n\n\n<p>&#8211; w czwartki 9.00- 12.30<\/p>\n\n\n\n<p>&#8211; w pi\u0105tki 8.00- 8.45, 9.35- 11.45, 13.30- 14.00<\/p>\n\n\n\n<p>Na stronie szko\u0142y zostan\u0105 zamieszczone wzory dokument\u00f3w, kt\u00f3re nale\u017cy uzupe\u0142ni\u0107 aby zapisa\u0107 swoje dziecko na zaj\u0119cia. Wz\u00f3r wniosku b\u0119dzie dost\u0119pny te\u017c u Koordynatora projektu.<\/p>\n\n\n\n<p>W styczniu 2025 nast\u0105pi og\u0142oszenie przedszkolak\u00f3w zakwalifikowanych do udzia\u0142u w projekcie. Planowane rozpocz\u0119cie zaj\u0119\u0107 \u2013 luty 2025 r.<\/p>\n\n\n\n<p>Zach\u0119camy do udzia\u0142u w projekcie!<\/p>\n\n\n\n<div class=\"wp-block-file\"><a id=\"wp-block-file--media-d9d2418f-d500-4c6e-8ff7-28d4478b241d\" href=\"https:\/\/sp2-poreba.edu.pl\/wp-content\/uploads\/2025\/01\/REGULAMIN_PROJEKTU-6.01.doc\">REGULAMIN_PROJEKTU-6.01<\/a><a href=\"https:\/\/sp2-poreba.edu.pl\/wp-content\/uploads\/2025\/01\/REGULAMIN_PROJEKTU-6.01.doc\" class=\"wp-block-file__button\" download aria-describedby=\"wp-block-file--media-d9d2418f-d500-4c6e-8ff7-28d4478b241d\">Pobierz<\/a><\/div>\n\n\n\n<div class=\"wp-block-file\"><a id=\"wp-block-file--media-e090cc29-a626-4528-8ff3-e5d74aef3335\" href=\"https:\/\/sp2-poreba.edu.pl\/wp-content\/uploads\/2025\/01\/Zalacznik-1a_Karta-zgloszenia20dziecka-do-udzialu-w-projekcie.docx\">Zalacznik-1a_Karta-zgloszenia20dziecka-do-udzialu-w-projekcie<\/a><a href=\"https:\/\/sp2-poreba.edu.pl\/wp-content\/uploads\/2025\/01\/Zalacznik-1a_Karta-zgloszenia20dziecka-do-udzialu-w-projekcie.docx\" class=\"wp-block-file__button\" download aria-describedby=\"wp-block-file--media-e090cc29-a626-4528-8ff3-e5d74aef3335\">Pobierz<\/a><\/div>\n\n\n\n<div class=\"wp-block-file\"><a id=\"wp-block-file--media-7941740c-6521-40ea-a23e-a0d5e70ac6fa\" href=\"https:\/\/sp2-poreba.edu.pl\/wp-content\/uploads\/2025\/01\/Zalacznik-1b_Karta-zgloszenia-nauczyciela.docx\">Zalacznik-1b_Karta-zgloszenia-nauczyciela<\/a><a href=\"https:\/\/sp2-poreba.edu.pl\/wp-content\/uploads\/2025\/01\/Zalacznik-1b_Karta-zgloszenia-nauczyciela.docx\" class=\"wp-block-file__button\" download aria-describedby=\"wp-block-file--media-7941740c-6521-40ea-a23e-a0d5e70ac6fa\">Pobierz<\/a><\/div>\n\n\n\n<div class=\"wp-block-file\"><a id=\"wp-block-file--media-ede055bd-db23-4fc2-ab68-45c86eb454fb\" href=\"https:\/\/sp2-poreba.edu.pl\/wp-content\/uploads\/2025\/01\/Zalacznik-3_Deklaracja-oswiadczenie-o-uczestnictwie-w-projekcie.docx\">Zalacznik-3_Deklaracja-oswiadczenie-o-uczestnictwie-w-projekcie<\/a><a href=\"https:\/\/sp2-poreba.edu.pl\/wp-content\/uploads\/2025\/01\/Zalacznik-3_Deklaracja-oswiadczenie-o-uczestnictwie-w-projekcie.docx\" class=\"wp-block-file__button\" download aria-describedby=\"wp-block-file--media-ede055bd-db23-4fc2-ab68-45c86eb454fb\">Pobierz<\/a><\/div>\n\n\n\n<div class=\"wp-block-file\"><a id=\"wp-block-file--media-0baed03d-d0bd-49a5-84ff-e335eddbff66\" href=\"https:\/\/sp2-poreba.edu.pl\/wp-content\/uploads\/2025\/01\/Zalacznik-4-_Oswiadczenie-uczestnika-projektu.docx\">Zalacznik-4-_Oswiadczenie-uczestnika-projektu<\/a><a href=\"https:\/\/sp2-poreba.edu.pl\/wp-content\/uploads\/2025\/01\/Zalacznik-4-_Oswiadczenie-uczestnika-projektu.docx\" class=\"wp-block-file__button\" download aria-describedby=\"wp-block-file--media-0baed03d-d0bd-49a5-84ff-e335eddbff66\">Pobierz<\/a><\/div>\n\n\n\n<div class=\"wp-block-file\"><a id=\"wp-block-file--media-1aa94542-66a2-4538-ad54-f579eb7bd6e9\" href=\"https:\/\/sp2-poreba.edu.pl\/wp-content\/uploads\/2025\/01\/Zalacznik-5-_RODO.docx\">Zalacznik-5-_RODO<\/a><a href=\"https:\/\/sp2-poreba.edu.pl\/wp-content\/uploads\/2025\/01\/Zalacznik-5-_RODO.docx\" class=\"wp-block-file__button\" download aria-describedby=\"wp-block-file--media-1aa94542-66a2-4538-ad54-f579eb7bd6e9\">Pobierz<\/a><\/div>\n","protected":false},"excerpt":{"rendered":"<p>Szanowni Pa\u0144stwo, Oddzia\u0142y Przedszkolne w Szkole Podstawowej nr 2 im. Jana Paw\u0142a II w Por\u0119bie og\u0142asza nab\u00f3r dzieci do bezp\u0142atnego udzia\u0142u w projekcie \u201eNauka dla przedszkolaka- rozw\u00f3j oferty edukacyjnej przedszkolnej w Gminie Por\u0119ba\u201d dofinansowanego w ramach Funduszy Europejskich dla \u015al\u0105skiego <span class=\"readmore\"><a href=\"https:\/\/sp2-poreba.edu.pl\/index.php\/projekt-nauka-dla-przedszkolaka-rozwoj-oferty-edukacyjnej-przedszkolnej-w-gminie-poreba\/\">Czytaj wi\u0119cej<\/a><\/span><\/p>\n","protected":false},"author":2,"featured_media":0,"parent":0,"menu_order":85,"comment_status":"closed","ping_status":"closed","template":"","meta":{"footnotes":""},"class_list":["post-4844","page","type-page","status-publish","hentry"],"_links":{"self":[{"href":"https:\/\/sp2-poreba.edu.pl\/index.php\/wp-json\/wp\/v2\/pages\/4844","targetHints":{"allow":["GET"]}}],"collection":[{"href":"https:\/\/sp2-poreba.edu.pl\/index.php\/wp-json\/wp\/v2\/pages"}],"about":[{"href":"https:\/\/sp2-poreba.edu.pl\/index.php\/wp-json\/wp\/v2\/types\/page"}],"author":[{"embeddable":true,"href":"https:\/\/sp2-poreba.edu.pl\/index.php\/wp-json\/wp\/v2\/users\/2"}],"replies":[{"embeddable":true,"href":"https:\/\/sp2-poreba.edu.pl\/index.php\/wp-json\/wp\/v2\/comments?post=4844"}],"version-history":[{"count":5,"href":"https:\/\/sp2-poreba.edu.pl\/index.php\/wp-json\/wp\/v2\/pages\/4844\/revisions"}],"predecessor-version":[{"id":5381,"href":"https:\/\/sp2-poreba.edu.pl\/index.php\/wp-json\/wp\/v2\/pages\/4844\/revisions\/5381"}],"wp:attachment":[{"href":"https:\/\/sp2-poreba.edu.pl\/index.php\/wp-json\/wp\/v2\/media?parent=4844"}],"curies":[{"name":"wp","href":"https:\/\/api.w.org\/{rel}","templated":true}]}}