{"id":64,"date":"2021-03-24T11:02:17","date_gmt":"2021-03-24T11:02:17","guid":{"rendered":"http:\/\/nowa.sp2-poreba.edu.pl\/?page_id=64"},"modified":"2022-06-19T08:49:37","modified_gmt":"2022-06-19T08:49:37","slug":"symbole-szkoly","status":"publish","type":"page","link":"https:\/\/sp2-poreba.edu.pl\/index.php\/nasza-szkola\/o-szkole\/symbole-szkoly\/","title":{"rendered":"Symbole Szko\u0142y"},"content":{"rendered":"\n<p>Patronem szko\u0142y jest Jan Pawe\u0142 II.<\/p>\n\n\n\n<div class=\"wp-block-media-text alignwide is-stacked-on-mobile\"><figure class=\"wp-block-media-text__media\"><img loading=\"lazy\" decoding=\"async\" width=\"620\" height=\"528\" src=\"http:\/\/nowa.sp2-poreba.edu.pl\/wp-content\/uploads\/2021\/03\/sztandar.jpg\" alt=\"\" class=\"wp-image-65 size-full\" srcset=\"https:\/\/sp2-poreba.edu.pl\/wp-content\/uploads\/2021\/03\/sztandar.jpg 620w, https:\/\/sp2-poreba.edu.pl\/wp-content\/uploads\/2021\/03\/sztandar-300x255.jpg 300w\" sizes=\"auto, (max-width: 620px) 100vw, 620px\" \/><\/figure><div class=\"wp-block-media-text__content\">\n<h2 class=\"wp-block-heading\">SZTANDAR<\/h2>\n\n\n\n<blockquote class=\"wp-block-quote is-layout-flow wp-block-quote-is-layout-flow\"><p>Sztandar SPII z wizerunkiem Ojca \u015aw. Zosta\u0142 zaprojektowany przez pracownika naszej plac\u00f3wki pani\u0105 Beat\u0119 Cicheck\u0105. Sztandar jest obecny podczas wszystkich wa\u017cnych wydarze\u0144 w szkole i tych, w kt\u00f3rych szko\u0142a bierze udzia\u0142. Na co dzie\u0144 umieszczony jest w gablocie w g\u0142\u00f3wnym holu szko\u0142y.<\/p><\/blockquote>\n<\/div><\/div>\n\n\n\n<figure class=\"wp-block-audio\"><audio controls src=\"https:\/\/sp2-poreba.edu.pl\/wp-content\/uploads\/2021\/10\/Hymn-Szkoly_ALLConverter_1.mp3\"><\/audio><figcaption>s\u0142owa: Beata Cichecka<br>  muzyka: Agnieszka Wierzbi\u0144ska<\/figcaption><\/figure>\n\n\n\n<h2 class=\"has-text-align-center wp-block-heading\">Hymn  Szko\u0142y<\/h2>\n\n\n\n<figure class=\"wp-block-gallery aligncenter has-nested-images columns-4 is-cropped wp-block-gallery-1 is-layout-flex wp-block-gallery-is-layout-flex\">\n<figure class=\"wp-block-image size-large\"><img loading=\"lazy\" decoding=\"async\" width=\"724\" height=\"1024\" data-id=\"848\" src=\"http:\/\/nowa.sp2-poreba.edu.pl\/wp-content\/uploads\/2021\/10\/1-1-724x1024.jpg\" alt=\"\" class=\"wp-image-848\" srcset=\"https:\/\/sp2-poreba.edu.pl\/wp-content\/uploads\/2021\/10\/1-1-724x1024.jpg 724w, https:\/\/sp2-poreba.edu.pl\/wp-content\/uploads\/2021\/10\/1-1-212x300.jpg 212w, https:\/\/sp2-poreba.edu.pl\/wp-content\/uploads\/2021\/10\/1-1-768x1086.jpg 768w, https:\/\/sp2-poreba.edu.pl\/wp-content\/uploads\/2021\/10\/1-1-1086x1536.jpg 1086w, https:\/\/sp2-poreba.edu.pl\/wp-content\/uploads\/2021\/10\/1-1-1448x2048.jpg 1448w, https:\/\/sp2-poreba.edu.pl\/wp-content\/uploads\/2021\/10\/1-1.jpg 1587w\" sizes=\"auto, (max-width: 724px) 100vw, 724px\" \/><\/figure>\n\n\n\n<figure class=\"wp-block-image size-large\"><img loading=\"lazy\" decoding=\"async\" width=\"724\" height=\"1024\" data-id=\"849\" src=\"http:\/\/nowa.sp2-poreba.edu.pl\/wp-content\/uploads\/2021\/10\/2-1-724x1024.jpg\" alt=\"\" class=\"wp-image-849\" srcset=\"https:\/\/sp2-poreba.edu.pl\/wp-content\/uploads\/2021\/10\/2-1-724x1024.jpg 724w, https:\/\/sp2-poreba.edu.pl\/wp-content\/uploads\/2021\/10\/2-1-212x300.jpg 212w, https:\/\/sp2-poreba.edu.pl\/wp-content\/uploads\/2021\/10\/2-1-768x1086.jpg 768w, https:\/\/sp2-poreba.edu.pl\/wp-content\/uploads\/2021\/10\/2-1-1086x1536.jpg 1086w, https:\/\/sp2-poreba.edu.pl\/wp-content\/uploads\/2021\/10\/2-1-1448x2048.jpg 1448w, https:\/\/sp2-poreba.edu.pl\/wp-content\/uploads\/2021\/10\/2-1.jpg 1587w\" sizes=\"auto, (max-width: 724px) 100vw, 724px\" \/><\/figure>\n\n\n\n<figure class=\"wp-block-image size-large\"><img loading=\"lazy\" decoding=\"async\" width=\"724\" height=\"1024\" data-id=\"850\" src=\"http:\/\/nowa.sp2-poreba.edu.pl\/wp-content\/uploads\/2021\/10\/3-1-724x1024.jpg\" alt=\"\" class=\"wp-image-850\" srcset=\"https:\/\/sp2-poreba.edu.pl\/wp-content\/uploads\/2021\/10\/3-1-724x1024.jpg 724w, https:\/\/sp2-poreba.edu.pl\/wp-content\/uploads\/2021\/10\/3-1-212x300.jpg 212w, https:\/\/sp2-poreba.edu.pl\/wp-content\/uploads\/2021\/10\/3-1-768x1086.jpg 768w, https:\/\/sp2-poreba.edu.pl\/wp-content\/uploads\/2021\/10\/3-1-1086x1536.jpg 1086w, https:\/\/sp2-poreba.edu.pl\/wp-content\/uploads\/2021\/10\/3-1-1448x2048.jpg 1448w, https:\/\/sp2-poreba.edu.pl\/wp-content\/uploads\/2021\/10\/3-1.jpg 1587w\" sizes=\"auto, (max-width: 724px) 100vw, 724px\" \/><\/figure>\n\n\n\n<figure class=\"wp-block-image size-large\"><img loading=\"lazy\" decoding=\"async\" width=\"724\" height=\"1024\" data-id=\"851\" src=\"http:\/\/nowa.sp2-poreba.edu.pl\/wp-content\/uploads\/2021\/10\/4-1-724x1024.jpg\" alt=\"\" class=\"wp-image-851\" srcset=\"https:\/\/sp2-poreba.edu.pl\/wp-content\/uploads\/2021\/10\/4-1-724x1024.jpg 724w, https:\/\/sp2-poreba.edu.pl\/wp-content\/uploads\/2021\/10\/4-1-212x300.jpg 212w, https:\/\/sp2-poreba.edu.pl\/wp-content\/uploads\/2021\/10\/4-1-768x1086.jpg 768w, https:\/\/sp2-poreba.edu.pl\/wp-content\/uploads\/2021\/10\/4-1-1086x1536.jpg 1086w, https:\/\/sp2-poreba.edu.pl\/wp-content\/uploads\/2021\/10\/4-1-1448x2048.jpg 1448w, https:\/\/sp2-poreba.edu.pl\/wp-content\/uploads\/2021\/10\/4-1.jpg 1587w\" sizes=\"auto, (max-width: 724px) 100vw, 724px\" \/><\/figure>\n<\/figure>\n","protected":false},"excerpt":{"rendered":"<p>Patronem szko\u0142y jest Jan Pawe\u0142 II. SZTANDAR Sztandar SPII z wizerunkiem Ojca \u015aw. Zosta\u0142 zaprojektowany przez pracownika naszej plac\u00f3wki pani\u0105 Beat\u0119 Cicheck\u0105. Sztandar jest obecny podczas wszystkich wa\u017cnych wydarze\u0144 w szkole i tych, w kt\u00f3rych szko\u0142a bierze udzia\u0142. Na co <span class=\"readmore\"><a href=\"https:\/\/sp2-poreba.edu.pl\/index.php\/nasza-szkola\/o-szkole\/symbole-szkoly\/\">Czytaj wi\u0119cej<\/a><\/span><\/p>\n","protected":false},"author":1,"featured_media":0,"parent":253,"menu_order":140,"comment_status":"closed","ping_status":"closed","template":"","meta":{"footnotes":""},"class_list":["post-64","page","type-page","status-publish","hentry"],"_links":{"self":[{"href":"https:\/\/sp2-poreba.edu.pl\/index.php\/wp-json\/wp\/v2\/pages\/64","targetHints":{"allow":["GET"]}}],"collection":[{"href":"https:\/\/sp2-poreba.edu.pl\/index.php\/wp-json\/wp\/v2\/pages"}],"about":[{"href":"https:\/\/sp2-poreba.edu.pl\/index.php\/wp-json\/wp\/v2\/types\/page"}],"author":[{"embeddable":true,"href":"https:\/\/sp2-poreba.edu.pl\/index.php\/wp-json\/wp\/v2\/users\/1"}],"replies":[{"embeddable":true,"href":"https:\/\/sp2-poreba.edu.pl\/index.php\/wp-json\/wp\/v2\/comments?post=64"}],"version-history":[{"count":0,"href":"https:\/\/sp2-poreba.edu.pl\/index.php\/wp-json\/wp\/v2\/pages\/64\/revisions"}],"up":[{"embeddable":true,"href":"https:\/\/sp2-poreba.edu.pl\/index.php\/wp-json\/wp\/v2\/pages\/253"}],"wp:attachment":[{"href":"https:\/\/sp2-poreba.edu.pl\/index.php\/wp-json\/wp\/v2\/media?parent=64"}],"curies":[{"name":"wp","href":"https:\/\/api.w.org\/{rel}","templated":true}]}}